{"id":26,"date":"2026-01-27T15:16:18","date_gmt":"2026-01-27T14:16:18","guid":{"rendered":"https:\/\/new-site-ppd.wechalleng.com\/?page_id=26"},"modified":"2026-03-25T16:25:03","modified_gmt":"2026-03-25T15:25:03","slug":"essayer-mae-2","status":"publish","type":"page","link":"https:\/\/new-site-ppd.wechalleng.com\/index.php\/essayer-mae-2\/","title":{"rendered":"Essayer Ma\u00e9\u00ae"},"content":{"rendered":"\n<h1 class=\"wp-block-heading has-text-align-center has-text-color has-link-color wp-elements-9c0d3d79c003e245dbe8439e467e14c2\" style=\"color:#42b8b0\"><strong><strong>Essayer <\/strong>Ma\u00e9\u00ae<\/strong><\/h1>\n\n\n\n<div class=\"wp-block-uagb-container uagb-layout-flex uagb-block-de325c22 default uagb-is-root-container\">\n<p class=\"has-text-align-center\" style=\"font-style:normal;font-weight:500\">Chez WEchalleng, nous croyons qu&rsquo;une <strong>solution adapt\u00e9e<\/strong> na\u00eet d&rsquo;une <strong>bonne compr\u00e9hension de vos besoins.<\/strong> C&rsquo;est pourquoi nous avons \u00e0 coeur de vous \u00e9couter pour bien vous conseiller.<\/p>\n\n\n\n<p class=\"has-text-align-center\" style=\"margin-top:0;margin-bottom:0;font-style:normal;font-weight:500\"><strong>Comment \u00e7a marche ?<\/strong><\/p>\n<\/div>\n\n\n\n<p class=\"has-text-align-left\" style=\"padding-top:var(--wp--preset--spacing--20);padding-bottom:var(--wp--preset--spacing--20);font-style:normal;font-weight:500\">1. Vous prenez rendez-vous sur le formulaire ci-dessous<\/p>\n\n\n\n<p class=\"has-text-align-left\" style=\"margin-top:0;margin-bottom:0;padding-top:0;padding-bottom:0;font-style:normal;font-weight:500\">2. On vous rappelle au moment choisis<\/p>\n\n\n\n<p class=\"has-text-align-left\" style=\"margin-top:0;margin-bottom:0;padding-top:var(--wp--preset--spacing--20);padding-bottom:var(--wp--preset--spacing--20);font-style:normal;font-weight:500\">3. On partage sur&nbsp;<strong>vos besoins<\/strong><\/p>\n\n\n\n<p style=\"margin-top:0;margin-bottom:0;font-style:normal;font-weight:500\">4. On cr\u00e9e&nbsp;votre <strong>solution personnalis\u00e9e<\/strong>&nbsp;ensemble<\/p>\n\n\n\n<div class=\"wp-block-uagb-container uagb-block-3e358ed2 default uagb-is-root-container\">\n<p class=\"has-text-align-center\" style=\"font-style:normal;font-weight:500\">Parce que votre situation est unique, votre solution Ma\u00e9\u00ae aussi.<\/p>\n<\/div>\n\n\n\n<div style=\"width: 100%; max-width: 407px; margin: 0 auto; overflow: hidden;\">\n  <iframe loading=\"lazy\" \n    src=\"https:\/\/mycloud.wechalleng.com\/index.php\/apps\/appointments\/embed\/U3FgnL3MmPIp1FXMLCbJ%2Bg%3D%3D\/form\" \n    frameborder=\"favicon0\"\n    scrolling=\"no\"\n    width=\"100%\"\n    height=\"620px\"\n    style=\"border: none; display: block; overflow: hidden;\">\n  <\/iframe>\n<\/div>\n","protected":false},"excerpt":{"rendered":"<p>Essayer Ma\u00e9\u00ae Chez WEchalleng, nous croyons qu&rsquo;une solution adapt\u00e9e na\u00eet d&rsquo;une bonne compr\u00e9hension de vos besoins. C&rsquo;est pourquoi nous avons \u00e0 coeur de vous \u00e9couter pour bien vous conseiller. Comment \u00e7a marche ? 1. Vous prenez rendez-vous sur le formulaire ci-dessous 2. On vous rappelle au moment choisis 3. On partage sur&nbsp;vos besoins 4. On [&hellip;]<\/p>\n","protected":false},"author":2,"featured_media":0,"parent":0,"menu_order":0,"comment_status":"closed","ping_status":"closed","template":"page-no-title","meta":{"_acf_changed":false,"_uag_custom_page_level_css":"","footnotes":""},"class_list":["post-26","page","type-page","status-publish","hentry"],"acf":[],"yoast_head":"<!-- This site is optimized with the Yoast SEO plugin v27.2 - https:\/\/yoast.com\/product\/yoast-seo-wordpress\/ -->\n<title>Construisons ensemble votre abonnement Ma\u00e9\u00ae personnalis\u00e9<\/title>\n<meta name=\"description\" content=\"Chez WEchalleng, nous cr\u00e9ons du sur\u2011mesure\u202f: un \u00e9change d\u00e9di\u00e9 nous permet de vous proposer l\u2019abonnement Ma\u00e9\u00ae le plus adapt\u00e9.\" \/>\n<meta name=\"robots\" content=\"noindex, follow, max-snippet:-1, max-image-preview:large, max-video-preview:-1\" \/>\n<meta property=\"og:locale\" content=\"fr_FR\" \/>\n<meta property=\"og:type\" content=\"article\" \/>\n<meta property=\"og:title\" content=\"Construisons ensemble votre abonnement Ma\u00e9\u00ae personnalis\u00e9\" \/>\n<meta property=\"og:description\" content=\"Chez WEchalleng, nous cr\u00e9ons du sur\u2011mesure\u202f: un \u00e9change d\u00e9di\u00e9 nous permet de vous proposer l\u2019abonnement Ma\u00e9\u00ae le plus adapt\u00e9.\" \/>\n<meta property=\"og:url\" content=\"https:\/\/new-site-ppd.wechalleng.com\/index.php\/essayer-mae-2\/\" \/>\n<meta property=\"og:site_name\" content=\"WEchalleng\" \/>\n<meta property=\"article:publisher\" content=\"https:\/\/www.facebook.com\/profile.php?id=61581220022272&amp;name=xhp_nt__fb__action__open_user\" \/>\n<meta property=\"article:modified_time\" content=\"2026-03-25T15:25:03+00:00\" \/>\n<meta name=\"twitter:card\" content=\"summary_large_image\" \/>\n<meta name=\"twitter:label1\" content=\"Dur\u00e9e de lecture estim\u00e9e\" \/>\n\t<meta name=\"twitter:data1\" content=\"1 minute\" \/>\n<script type=\"application\/ld+json\" class=\"yoast-schema-graph\">{\"@context\":\"https:\/\/schema.org\",\"@graph\":[{\"@type\":\"WebPage\",\"@id\":\"https:\/\/new-site-ppd.wechalleng.com\/index.php\/essayer-mae-2\/\",\"url\":\"https:\/\/new-site-ppd.wechalleng.com\/index.php\/essayer-mae-2\/\",\"name\":\"Construisons ensemble votre abonnement Ma\u00e9\u00ae personnalis\u00e9\",\"isPartOf\":{\"@id\":\"https:\/\/new-site-ppd.wechalleng.com\/#website\"},\"datePublished\":\"2026-01-27T14:16:18+00:00\",\"dateModified\":\"2026-03-25T15:25:03+00:00\",\"description\":\"Chez WEchalleng, nous cr\u00e9ons du sur\u2011mesure\u202f: un \u00e9change d\u00e9di\u00e9 nous permet de vous proposer l\u2019abonnement Ma\u00e9\u00ae le plus adapt\u00e9.\",\"breadcrumb\":{\"@id\":\"https:\/\/new-site-ppd.wechalleng.com\/index.php\/essayer-mae-2\/#breadcrumb\"},\"inLanguage\":\"fr-FR\",\"potentialAction\":[{\"@type\":\"ReadAction\",\"target\":[\"https:\/\/new-site-ppd.wechalleng.com\/index.php\/essayer-mae-2\/\"]}]},{\"@type\":\"BreadcrumbList\",\"@id\":\"https:\/\/new-site-ppd.wechalleng.com\/index.php\/essayer-mae-2\/#breadcrumb\",\"itemListElement\":[{\"@type\":\"ListItem\",\"position\":1,\"name\":\"Accueil\",\"item\":\"https:\/\/new-site-ppd.wechalleng.com\/\"},{\"@type\":\"ListItem\",\"position\":2,\"name\":\"Essayer Ma\u00e9\u00ae\"}]},{\"@type\":\"WebSite\",\"@id\":\"https:\/\/new-site-ppd.wechalleng.com\/#website\",\"url\":\"https:\/\/new-site-ppd.wechalleng.com\/\",\"name\":\"WeChalleng\",\"description\":\"Ma\u00e9\u00ae by WEchalleng\",\"publisher\":{\"@id\":\"https:\/\/new-site-ppd.wechalleng.com\/#organization\"},\"potentialAction\":[{\"@type\":\"SearchAction\",\"target\":{\"@type\":\"EntryPoint\",\"urlTemplate\":\"https:\/\/new-site-ppd.wechalleng.com\/?s={search_term_string}\"},\"query-input\":{\"@type\":\"PropertyValueSpecification\",\"valueRequired\":true,\"valueName\":\"search_term_string\"}}],\"inLanguage\":\"fr-FR\"},{\"@type\":\"Organization\",\"@id\":\"https:\/\/new-site-ppd.wechalleng.com\/#organization\",\"name\":\"WeChalleng\",\"url\":\"https:\/\/new-site-ppd.wechalleng.com\/\",\"logo\":{\"@type\":\"ImageObject\",\"inLanguage\":\"fr-FR\",\"@id\":\"https:\/\/new-site-ppd.wechalleng.com\/#\/schema\/logo\/image\/\",\"url\":\"https:\/\/new-site-ppd.wechalleng.com\/wp-content\/uploads\/2026\/01\/Mexercer-2.png\",\"contentUrl\":\"https:\/\/new-site-ppd.wechalleng.com\/wp-content\/uploads\/2026\/01\/Mexercer-2.png\",\"width\":1862,\"height\":500,\"caption\":\"WeChalleng\"},\"image\":{\"@id\":\"https:\/\/new-site-ppd.wechalleng.com\/#\/schema\/logo\/image\/\"},\"sameAs\":[\"https:\/\/www.facebook.com\/profile.php?id=61581220022272&name=xhp_nt__fb__action__open_user\",\"https:\/\/www.instagram.com\/wechalleng_\/\"]}]}<\/script>\n<!-- \/ Yoast SEO plugin. -->","yoast_head_json":{"title":"Construisons ensemble votre abonnement Ma\u00e9\u00ae personnalis\u00e9","description":"Chez WEchalleng, nous cr\u00e9ons du sur\u2011mesure\u202f: un \u00e9change d\u00e9di\u00e9 nous permet de vous proposer l\u2019abonnement Ma\u00e9\u00ae le plus adapt\u00e9.","robots":{"index":"noindex","follow":"follow","max-snippet":"max-snippet:-1","max-image-preview":"max-image-preview:large","max-video-preview":"max-video-preview:-1"},"og_locale":"fr_FR","og_type":"article","og_title":"Construisons ensemble votre abonnement Ma\u00e9\u00ae personnalis\u00e9","og_description":"Chez WEchalleng, nous cr\u00e9ons du sur\u2011mesure\u202f: un \u00e9change d\u00e9di\u00e9 nous permet de vous proposer l\u2019abonnement Ma\u00e9\u00ae le plus adapt\u00e9.","og_url":"https:\/\/new-site-ppd.wechalleng.com\/index.php\/essayer-mae-2\/","og_site_name":"WEchalleng","article_publisher":"https:\/\/www.facebook.com\/profile.php?id=61581220022272&name=xhp_nt__fb__action__open_user","article_modified_time":"2026-03-25T15:25:03+00:00","twitter_card":"summary_large_image","twitter_misc":{"Dur\u00e9e de lecture estim\u00e9e":"1 minute"},"schema":{"@context":"https:\/\/schema.org","@graph":[{"@type":"WebPage","@id":"https:\/\/new-site-ppd.wechalleng.com\/index.php\/essayer-mae-2\/","url":"https:\/\/new-site-ppd.wechalleng.com\/index.php\/essayer-mae-2\/","name":"Construisons ensemble votre abonnement Ma\u00e9\u00ae personnalis\u00e9","isPartOf":{"@id":"https:\/\/new-site-ppd.wechalleng.com\/#website"},"datePublished":"2026-01-27T14:16:18+00:00","dateModified":"2026-03-25T15:25:03+00:00","description":"Chez WEchalleng, nous cr\u00e9ons du sur\u2011mesure\u202f: un \u00e9change d\u00e9di\u00e9 nous permet de vous proposer l\u2019abonnement Ma\u00e9\u00ae le plus adapt\u00e9.","breadcrumb":{"@id":"https:\/\/new-site-ppd.wechalleng.com\/index.php\/essayer-mae-2\/#breadcrumb"},"inLanguage":"fr-FR","potentialAction":[{"@type":"ReadAction","target":["https:\/\/new-site-ppd.wechalleng.com\/index.php\/essayer-mae-2\/"]}]},{"@type":"BreadcrumbList","@id":"https:\/\/new-site-ppd.wechalleng.com\/index.php\/essayer-mae-2\/#breadcrumb","itemListElement":[{"@type":"ListItem","position":1,"name":"Accueil","item":"https:\/\/new-site-ppd.wechalleng.com\/"},{"@type":"ListItem","position":2,"name":"Essayer Ma\u00e9\u00ae"}]},{"@type":"WebSite","@id":"https:\/\/new-site-ppd.wechalleng.com\/#website","url":"https:\/\/new-site-ppd.wechalleng.com\/","name":"WeChalleng","description":"Ma\u00e9\u00ae by WEchalleng","publisher":{"@id":"https:\/\/new-site-ppd.wechalleng.com\/#organization"},"potentialAction":[{"@type":"SearchAction","target":{"@type":"EntryPoint","urlTemplate":"https:\/\/new-site-ppd.wechalleng.com\/?s={search_term_string}"},"query-input":{"@type":"PropertyValueSpecification","valueRequired":true,"valueName":"search_term_string"}}],"inLanguage":"fr-FR"},{"@type":"Organization","@id":"https:\/\/new-site-ppd.wechalleng.com\/#organization","name":"WeChalleng","url":"https:\/\/new-site-ppd.wechalleng.com\/","logo":{"@type":"ImageObject","inLanguage":"fr-FR","@id":"https:\/\/new-site-ppd.wechalleng.com\/#\/schema\/logo\/image\/","url":"https:\/\/new-site-ppd.wechalleng.com\/wp-content\/uploads\/2026\/01\/Mexercer-2.png","contentUrl":"https:\/\/new-site-ppd.wechalleng.com\/wp-content\/uploads\/2026\/01\/Mexercer-2.png","width":1862,"height":500,"caption":"WeChalleng"},"image":{"@id":"https:\/\/new-site-ppd.wechalleng.com\/#\/schema\/logo\/image\/"},"sameAs":["https:\/\/www.facebook.com\/profile.php?id=61581220022272&name=xhp_nt__fb__action__open_user","https:\/\/www.instagram.com\/wechalleng_\/"]}]}},"uagb_featured_image_src":{"full":false,"thumbnail":false,"medium":false,"medium_large":false,"large":false,"1536x1536":false,"2048x2048":false},"uagb_author_info":{"display_name":"Loris Prabel","author_link":"https:\/\/new-site-ppd.wechalleng.com\/index.php\/author\/loris\/"},"uagb_comment_info":0,"uagb_excerpt":"Essayer Ma\u00e9\u00ae Chez WEchalleng, nous croyons qu&rsquo;une solution adapt\u00e9e na\u00eet d&rsquo;une bonne compr\u00e9hension de vos besoins. C&rsquo;est pourquoi nous avons \u00e0 coeur de vous \u00e9couter pour bien vous conseiller. Comment \u00e7a marche ? 1. Vous prenez rendez-vous sur le formulaire ci-dessous 2. On vous rappelle au moment choisis 3. On partage sur&nbsp;vos besoins 4. On\u2026","_links":{"self":[{"href":"https:\/\/new-site-ppd.wechalleng.com\/index.php\/wp-json\/wp\/v2\/pages\/26","targetHints":{"allow":["GET"]}}],"collection":[{"href":"https:\/\/new-site-ppd.wechalleng.com\/index.php\/wp-json\/wp\/v2\/pages"}],"about":[{"href":"https:\/\/new-site-ppd.wechalleng.com\/index.php\/wp-json\/wp\/v2\/types\/page"}],"author":[{"embeddable":true,"href":"https:\/\/new-site-ppd.wechalleng.com\/index.php\/wp-json\/wp\/v2\/users\/2"}],"replies":[{"embeddable":true,"href":"https:\/\/new-site-ppd.wechalleng.com\/index.php\/wp-json\/wp\/v2\/comments?post=26"}],"version-history":[{"count":86,"href":"https:\/\/new-site-ppd.wechalleng.com\/index.php\/wp-json\/wp\/v2\/pages\/26\/revisions"}],"predecessor-version":[{"id":2769,"href":"https:\/\/new-site-ppd.wechalleng.com\/index.php\/wp-json\/wp\/v2\/pages\/26\/revisions\/2769"}],"wp:attachment":[{"href":"https:\/\/new-site-ppd.wechalleng.com\/index.php\/wp-json\/wp\/v2\/media?parent=26"}],"curies":[{"name":"wp","href":"https:\/\/api.w.org\/{rel}","templated":true}]}}