{"id":2246,"date":"2026-03-17T09:30:34","date_gmt":"2026-03-17T08:30:34","guid":{"rendered":"https:\/\/new-site-ppd.wechalleng.com\/?page_id=2246"},"modified":"2026-03-17T09:56:31","modified_gmt":"2026-03-17T08:56:31","slug":"formulaire-partenariat-presse","status":"publish","type":"page","link":"https:\/\/new-site-ppd.wechalleng.com\/index.php\/formulaire-partenariat-presse\/","title":{"rendered":"Formulaire partenariat presse"},"content":{"rendered":"\n<div class=\"wp-block-uagb-container uagb-block-0ee062f0 default uagb-is-root-container\">\n<h1 class=\"wp-block-heading has-text-align-center\"><strong>Information Partenariat\/ Presse<\/strong><\/h1>\n<\/div>\n\n\n\n<p class=\"has-text-align-center\">Pour que l&rsquo;\u00e9quipe Ma\u00e9\u00ae puisse r\u00e9pondre pr\u00e9cis\u00e9ment \u00e0 votre demande, s\u00e9lectionnez votre profil (presse ou partenariat) et partagez-nous votre projet via ce formulaire. Nous reviendrons vers vous dans les plus brefs d\u00e9lais.<\/p>\n\n\n\n<div class=\"wp-block-uagb-forms uagb-forms__outer-wrap uagb-block-c99b5730 uagb-forms__medium-btn\"><form class=\"uagb-forms-main-form\" method=\"post\" autocomplete=\"on\" name=\"uagb-form-c99b5730\">\n<div class=\"wp-block-uagb-forms-name uagb-forms-name-wrap uagb-forms-field-set uagb-block-0cd23e4f\"><div class=\"uagb-forms-name-label required uagb-forms-input-label\" id=\"0cd23e4f\">Prenom<\/div><input type=\"text\" placeholder=\"Pierre\" required class=\"uagb-forms-name-input uagb-forms-input\" name=\"0cd23e4f\" autocomplete=\"given-name\"\/><\/div>\n\n\n\n<div class=\"wp-block-uagb-forms-name uagb-forms-name-wrap uagb-forms-field-set uagb-block-3640849f\"><div class=\"uagb-forms-name-label required uagb-forms-input-label\" id=\"3640849f\">Nom<\/div><input type=\"text\" placeholder=\"Durant\" required class=\"uagb-forms-name-input uagb-forms-input\" name=\"3640849f\" autocomplete=\"family-name\"\/><\/div>\n\n\n\n<div class=\"wp-block-uagb-forms-email uagb-forms-email-wrap uagb-forms-field-set uagb-block-16b69ff0\"><div class=\"uagb-forms-email-label required uagb-forms-input-label\" id=\"16b69ff0\">Email<\/div><input type=\"email\" class=\"uagb-forms-email-input uagb-forms-input\" placeholder=\"example@mail.com\" required name=\"16b69ff0\" autocomplete=\"email\"\/><\/div>\n\n\n\n<div class=\"wp-block-uagb-forms-select uagb-forms-select-wrap uagb-forms-field-set uagb-block-49ded015\"><div class=\"uagb-forms-select-label required uagb-forms-input-label\" id=\"49ded015\">Objet de la demande<\/div><select class=\"uagb-forms-select-box uagb-forms-input\" required name=\"49ded015\"><option value=\"\" disabled selected>Select your option<\/option><option value=\"Presse \/ M\u00e9dias\">Presse \/ M\u00e9dias<\/option><option value=\"Demande de partenariat\">Demande de partenariat<\/option><\/select><\/div>\n\n\n\n<div class=\"wp-block-uagb-forms-textarea uagb-forms-textarea-wrap uagb-forms-field-set uagb-block-8340f4b4\"><div class=\"uagb-forms-textarea-label required uagb-forms-input-label\" id=\"8340f4b4\">Message<\/div><textarea required class=\"uagb-forms-textarea-input uagb-forms-input\" rows=\"4\" placeholder=\"Dites-nous tout !\" name=\"8340f4b4\" autocomplete=\"off\"><\/textarea><\/div>\n<div class=\"uagb-forms-form-hidden-data\"><input type=\"hidden\" class=\"uagb_forms_form_label\" value=\"Spectra Form\"\/><input type=\"hidden\" class=\"uagb_forms_form_id\" value=\"uagb-form-c99b5730\"\/><\/div><div class=\"uagb-form-reacaptcha-error-c99b5730\"><\/div><div class=\"uagb-forms-main-submit-button-wrap wp-block-button\"><button class=\"uagb-forms-main-submit-button wp-block-button__link\"><div class=\"uagb-forms-main-submit-button-text\">Envoyer<\/div><\/button><\/div><\/form><div class=\"uagb-forms-success-message-c99b5730 uagb-forms-submit-message-hide\"><span>\u00ab\u00a0Merci de votre int\u00e9r\u00eat pour Ma\u00e9\u00ae. Votre message a bien \u00e9t\u00e9 transmis \u00e0 notre \u00e9quipe d\u00e9di\u00e9e. Nous \u00e9tudions votre demande avec attention et reviendrons vers vous dans les plus brefs d\u00e9lais pour envisager la suite de notre collaboration.\n\n\u00c0 tr\u00e8s bient\u00f4t,\nL&rsquo;\u00e9quipe Ma\u00e9\u00ae<\/span><\/div><div class=\"uagb-forms-failed-message-c99b5730 uagb-forms-submit-message-hide\"><span>Oups ! Une petite erreur s&rsquo;est gliss\u00e9e&#8230;\n\nNous n&rsquo;avons pas pu envoyer votre message pour le moment. Pas de panique ! Vous pouvez nous contacter directement \u00e0 l&rsquo;adresse suivante : contact@wechalleng.com ou r\u00e9essayer dans quelques instants.\n\nMerci de votre patience,\nL&rsquo;\u00e9quipe Ma\u00e9\u00ae<\/span><\/div><\/div>\n","protected":false},"excerpt":{"rendered":"<p>Information Partenariat\/ Presse Pour que l&rsquo;\u00e9quipe Ma\u00e9\u00ae puisse r\u00e9pondre pr\u00e9cis\u00e9ment \u00e0 votre demande, s\u00e9lectionnez votre profil (presse ou partenariat) et partagez-nous votre projet via ce formulaire. Nous reviendrons vers vous dans les plus brefs d\u00e9lais.<\/p>\n","protected":false},"author":5,"featured_media":0,"parent":0,"menu_order":0,"comment_status":"closed","ping_status":"closed","template":"page-no-title","meta":{"_acf_changed":false,"_uag_custom_page_level_css":"","footnotes":""},"class_list":["post-2246","page","type-page","status-publish","hentry"],"acf":[],"yoast_head":"<!-- This site is optimized with the Yoast SEO plugin v27.2 - https:\/\/yoast.com\/product\/yoast-seo-wordpress\/ -->\n<title>Formulaire partenariat presse - WEchalleng<\/title>\n<meta name=\"robots\" content=\"noindex, follow, max-snippet:-1, max-image-preview:large, max-video-preview:-1\" \/>\n<meta property=\"og:locale\" content=\"fr_FR\" \/>\n<meta property=\"og:type\" content=\"article\" \/>\n<meta property=\"og:title\" content=\"Formulaire partenariat presse - WEchalleng\" \/>\n<meta property=\"og:description\" content=\"Information Partenariat\/ Presse Pour que l&rsquo;\u00e9quipe Ma\u00e9\u00ae puisse r\u00e9pondre pr\u00e9cis\u00e9ment \u00e0 votre demande, s\u00e9lectionnez votre profil (presse ou partenariat) et partagez-nous votre projet via ce formulaire. Nous reviendrons vers vous dans les plus brefs d\u00e9lais.\" \/>\n<meta property=\"og:url\" content=\"https:\/\/new-site-ppd.wechalleng.com\/index.php\/formulaire-partenariat-presse\/\" \/>\n<meta property=\"og:site_name\" content=\"WEchalleng\" \/>\n<meta property=\"article:publisher\" content=\"https:\/\/www.facebook.com\/profile.php?id=61581220022272&amp;name=xhp_nt__fb__action__open_user\" \/>\n<meta property=\"article:modified_time\" content=\"2026-03-17T08:56:31+00:00\" \/>\n<meta name=\"twitter:card\" content=\"summary_large_image\" \/>\n<meta name=\"twitter:label1\" content=\"Dur\u00e9e de lecture estim\u00e9e\" \/>\n\t<meta name=\"twitter:data1\" content=\"1 minute\" \/>\n<script type=\"application\/ld+json\" class=\"yoast-schema-graph\">{\"@context\":\"https:\/\/schema.org\",\"@graph\":[{\"@type\":\"WebPage\",\"@id\":\"https:\/\/new-site-ppd.wechalleng.com\/index.php\/formulaire-partenariat-presse\/\",\"url\":\"https:\/\/new-site-ppd.wechalleng.com\/index.php\/formulaire-partenariat-presse\/\",\"name\":\"Formulaire partenariat presse - WEchalleng\",\"isPartOf\":{\"@id\":\"https:\/\/new-site-ppd.wechalleng.com\/#website\"},\"datePublished\":\"2026-03-17T08:30:34+00:00\",\"dateModified\":\"2026-03-17T08:56:31+00:00\",\"breadcrumb\":{\"@id\":\"https:\/\/new-site-ppd.wechalleng.com\/index.php\/formulaire-partenariat-presse\/#breadcrumb\"},\"inLanguage\":\"fr-FR\",\"potentialAction\":[{\"@type\":\"ReadAction\",\"target\":[\"https:\/\/new-site-ppd.wechalleng.com\/index.php\/formulaire-partenariat-presse\/\"]}]},{\"@type\":\"BreadcrumbList\",\"@id\":\"https:\/\/new-site-ppd.wechalleng.com\/index.php\/formulaire-partenariat-presse\/#breadcrumb\",\"itemListElement\":[{\"@type\":\"ListItem\",\"position\":1,\"name\":\"Accueil\",\"item\":\"https:\/\/new-site-ppd.wechalleng.com\/\"},{\"@type\":\"ListItem\",\"position\":2,\"name\":\"Formulaire partenariat presse\"}]},{\"@type\":\"WebSite\",\"@id\":\"https:\/\/new-site-ppd.wechalleng.com\/#website\",\"url\":\"https:\/\/new-site-ppd.wechalleng.com\/\",\"name\":\"WeChalleng\",\"description\":\"Ma\u00e9\u00ae by WEchalleng\",\"publisher\":{\"@id\":\"https:\/\/new-site-ppd.wechalleng.com\/#organization\"},\"potentialAction\":[{\"@type\":\"SearchAction\",\"target\":{\"@type\":\"EntryPoint\",\"urlTemplate\":\"https:\/\/new-site-ppd.wechalleng.com\/?s={search_term_string}\"},\"query-input\":{\"@type\":\"PropertyValueSpecification\",\"valueRequired\":true,\"valueName\":\"search_term_string\"}}],\"inLanguage\":\"fr-FR\"},{\"@type\":\"Organization\",\"@id\":\"https:\/\/new-site-ppd.wechalleng.com\/#organization\",\"name\":\"WeChalleng\",\"url\":\"https:\/\/new-site-ppd.wechalleng.com\/\",\"logo\":{\"@type\":\"ImageObject\",\"inLanguage\":\"fr-FR\",\"@id\":\"https:\/\/new-site-ppd.wechalleng.com\/#\/schema\/logo\/image\/\",\"url\":\"https:\/\/new-site-ppd.wechalleng.com\/wp-content\/uploads\/2026\/01\/Mexercer-2.png\",\"contentUrl\":\"https:\/\/new-site-ppd.wechalleng.com\/wp-content\/uploads\/2026\/01\/Mexercer-2.png\",\"width\":1862,\"height\":500,\"caption\":\"WeChalleng\"},\"image\":{\"@id\":\"https:\/\/new-site-ppd.wechalleng.com\/#\/schema\/logo\/image\/\"},\"sameAs\":[\"https:\/\/www.facebook.com\/profile.php?id=61581220022272&name=xhp_nt__fb__action__open_user\",\"https:\/\/www.instagram.com\/wechalleng_\/\"]}]}<\/script>\n<!-- \/ Yoast SEO plugin. -->","yoast_head_json":{"title":"Formulaire partenariat presse - WEchalleng","robots":{"index":"noindex","follow":"follow","max-snippet":"max-snippet:-1","max-image-preview":"max-image-preview:large","max-video-preview":"max-video-preview:-1"},"og_locale":"fr_FR","og_type":"article","og_title":"Formulaire partenariat presse - WEchalleng","og_description":"Information Partenariat\/ Presse Pour que l&rsquo;\u00e9quipe Ma\u00e9\u00ae puisse r\u00e9pondre pr\u00e9cis\u00e9ment \u00e0 votre demande, s\u00e9lectionnez votre profil (presse ou partenariat) et partagez-nous votre projet via ce formulaire. Nous reviendrons vers vous dans les plus brefs d\u00e9lais.","og_url":"https:\/\/new-site-ppd.wechalleng.com\/index.php\/formulaire-partenariat-presse\/","og_site_name":"WEchalleng","article_publisher":"https:\/\/www.facebook.com\/profile.php?id=61581220022272&name=xhp_nt__fb__action__open_user","article_modified_time":"2026-03-17T08:56:31+00:00","twitter_card":"summary_large_image","twitter_misc":{"Dur\u00e9e de lecture estim\u00e9e":"1 minute"},"schema":{"@context":"https:\/\/schema.org","@graph":[{"@type":"WebPage","@id":"https:\/\/new-site-ppd.wechalleng.com\/index.php\/formulaire-partenariat-presse\/","url":"https:\/\/new-site-ppd.wechalleng.com\/index.php\/formulaire-partenariat-presse\/","name":"Formulaire partenariat presse - WEchalleng","isPartOf":{"@id":"https:\/\/new-site-ppd.wechalleng.com\/#website"},"datePublished":"2026-03-17T08:30:34+00:00","dateModified":"2026-03-17T08:56:31+00:00","breadcrumb":{"@id":"https:\/\/new-site-ppd.wechalleng.com\/index.php\/formulaire-partenariat-presse\/#breadcrumb"},"inLanguage":"fr-FR","potentialAction":[{"@type":"ReadAction","target":["https:\/\/new-site-ppd.wechalleng.com\/index.php\/formulaire-partenariat-presse\/"]}]},{"@type":"BreadcrumbList","@id":"https:\/\/new-site-ppd.wechalleng.com\/index.php\/formulaire-partenariat-presse\/#breadcrumb","itemListElement":[{"@type":"ListItem","position":1,"name":"Accueil","item":"https:\/\/new-site-ppd.wechalleng.com\/"},{"@type":"ListItem","position":2,"name":"Formulaire partenariat presse"}]},{"@type":"WebSite","@id":"https:\/\/new-site-ppd.wechalleng.com\/#website","url":"https:\/\/new-site-ppd.wechalleng.com\/","name":"WeChalleng","description":"Ma\u00e9\u00ae by WEchalleng","publisher":{"@id":"https:\/\/new-site-ppd.wechalleng.com\/#organization"},"potentialAction":[{"@type":"SearchAction","target":{"@type":"EntryPoint","urlTemplate":"https:\/\/new-site-ppd.wechalleng.com\/?s={search_term_string}"},"query-input":{"@type":"PropertyValueSpecification","valueRequired":true,"valueName":"search_term_string"}}],"inLanguage":"fr-FR"},{"@type":"Organization","@id":"https:\/\/new-site-ppd.wechalleng.com\/#organization","name":"WeChalleng","url":"https:\/\/new-site-ppd.wechalleng.com\/","logo":{"@type":"ImageObject","inLanguage":"fr-FR","@id":"https:\/\/new-site-ppd.wechalleng.com\/#\/schema\/logo\/image\/","url":"https:\/\/new-site-ppd.wechalleng.com\/wp-content\/uploads\/2026\/01\/Mexercer-2.png","contentUrl":"https:\/\/new-site-ppd.wechalleng.com\/wp-content\/uploads\/2026\/01\/Mexercer-2.png","width":1862,"height":500,"caption":"WeChalleng"},"image":{"@id":"https:\/\/new-site-ppd.wechalleng.com\/#\/schema\/logo\/image\/"},"sameAs":["https:\/\/www.facebook.com\/profile.php?id=61581220022272&name=xhp_nt__fb__action__open_user","https:\/\/www.instagram.com\/wechalleng_\/"]}]}},"uagb_featured_image_src":{"full":false,"thumbnail":false,"medium":false,"medium_large":false,"large":false,"1536x1536":false,"2048x2048":false},"uagb_author_info":{"display_name":"Enora RENAUD","author_link":"https:\/\/new-site-ppd.wechalleng.com\/index.php\/author\/enora\/"},"uagb_comment_info":0,"uagb_excerpt":"Information Partenariat\/ Presse Pour que l&rsquo;\u00e9quipe Ma\u00e9\u00ae puisse r\u00e9pondre pr\u00e9cis\u00e9ment \u00e0 votre demande, s\u00e9lectionnez votre profil (presse ou partenariat) et partagez-nous votre projet via ce formulaire. Nous reviendrons vers vous dans les plus brefs d\u00e9lais.","_links":{"self":[{"href":"https:\/\/new-site-ppd.wechalleng.com\/index.php\/wp-json\/wp\/v2\/pages\/2246","targetHints":{"allow":["GET"]}}],"collection":[{"href":"https:\/\/new-site-ppd.wechalleng.com\/index.php\/wp-json\/wp\/v2\/pages"}],"about":[{"href":"https:\/\/new-site-ppd.wechalleng.com\/index.php\/wp-json\/wp\/v2\/types\/page"}],"author":[{"embeddable":true,"href":"https:\/\/new-site-ppd.wechalleng.com\/index.php\/wp-json\/wp\/v2\/users\/5"}],"replies":[{"embeddable":true,"href":"https:\/\/new-site-ppd.wechalleng.com\/index.php\/wp-json\/wp\/v2\/comments?post=2246"}],"version-history":[{"count":8,"href":"https:\/\/new-site-ppd.wechalleng.com\/index.php\/wp-json\/wp\/v2\/pages\/2246\/revisions"}],"predecessor-version":[{"id":2264,"href":"https:\/\/new-site-ppd.wechalleng.com\/index.php\/wp-json\/wp\/v2\/pages\/2246\/revisions\/2264"}],"wp:attachment":[{"href":"https:\/\/new-site-ppd.wechalleng.com\/index.php\/wp-json\/wp\/v2\/media?parent=2246"}],"curies":[{"name":"wp","href":"https:\/\/api.w.org\/{rel}","templated":true}]}}